{"id":1108,"date":"2023-03-21T15:11:58","date_gmt":"2023-03-21T14:11:58","guid":{"rendered":"https:\/\/anjas-huepfburgenverleih.de\/neu\/?page_id=1108"},"modified":"2023-05-11T08:18:10","modified_gmt":"2023-05-11T06:18:10","slug":"bestellen","status":"publish","type":"page","link":"https:\/\/anjas-huepfburgenverleih.de\/neu\/bestellen\/","title":{"rendered":"Bestellen"},"content":{"rendered":"\t\t<div data-elementor-type=\"wp-page\" data-elementor-id=\"1108\" class=\"elementor elementor-1108\" data-elementor-post-type=\"page\">\n\t\t\t\t<div class=\"elementor-element elementor-element-f63cf52 e-con-full e-flex e-con e-parent\" data-id=\"f63cf52\" data-element_type=\"container\">\n\t\t<div class=\"elementor-element elementor-element-f6e3387 e-con-full e-flex e-con e-child\" data-id=\"f6e3387\" data-element_type=\"container\" data-settings=\"{&quot;background_background&quot;:&quot;classic&quot;}\">\n\t\t\t\t<\/div>\n\t\t<div class=\"elementor-element elementor-element-d0478ba e-con-full e-flex e-con e-child\" data-id=\"d0478ba\" data-element_type=\"container\" data-settings=\"{&quot;background_background&quot;:&quot;classic&quot;}\">\n\t\t\t\t<div class=\"elementor-element elementor-element-cf3d39d elementor-widget-mobile__width-inherit elementor-widget elementor-widget-heading\" data-id=\"cf3d39d\" data-element_type=\"widget\" data-widget_type=\"heading.default\">\n\t\t\t\t<div class=\"elementor-widget-container\">\n\t\t\t<style>\/*! elementor - v3.21.0 - 18-04-2024 *\/\n.elementor-heading-title{padding:0;margin:0;line-height:1}.elementor-widget-heading .elementor-heading-title[class*=elementor-size-]>a{color:inherit;font-size:inherit;line-height:inherit}.elementor-widget-heading .elementor-heading-title.elementor-size-small{font-size:15px}.elementor-widget-heading .elementor-heading-title.elementor-size-medium{font-size:19px}.elementor-widget-heading .elementor-heading-title.elementor-size-large{font-size:29px}.elementor-widget-heading .elementor-heading-title.elementor-size-xl{font-size:39px}.elementor-widget-heading .elementor-heading-title.elementor-size-xxl{font-size:59px}<\/style><h2 class=\"elementor-heading-title elementor-size-default\">Verbindliche Buchungsanfrage<\/h2>\t\t<\/div>\n\t\t\t\t<\/div>\n\t\t\t\t<div class=\"elementor-element elementor-element-0e00ba2 elementor-widget elementor-widget-heading\" data-id=\"0e00ba2\" data-element_type=\"widget\" data-widget_type=\"heading.default\">\n\t\t\t\t<div class=\"elementor-widget-container\">\n\t\t\t<h2 class=\"elementor-heading-title elementor-size-default\">Alles zu deiner Bestellung<\/h2>\t\t<\/div>\n\t\t\t\t<\/div>\n\t\t\t\t<\/div>\n\t\t<div class=\"elementor-element elementor-element-180731b e-con-full e-flex e-con e-child\" data-id=\"180731b\" data-element_type=\"container\" data-settings=\"{&quot;background_background&quot;:&quot;classic&quot;}\">\n\t\t<div class=\"elementor-element elementor-element-6fd7d6f e-con-full e-flex e-con e-child\" data-id=\"6fd7d6f\" data-element_type=\"container\">\n\t\t<div class=\"elementor-element elementor-element-5408ce4 e-con-full e-flex e-con e-child\" data-id=\"5408ce4\" data-element_type=\"container\">\n\t\t<div class=\"elementor-element elementor-element-e3608bb e-con-full e-flex e-con e-child\" data-id=\"e3608bb\" data-element_type=\"container\">\n\t\t\t\t<div class=\"elementor-element elementor-element-777fcd8 elementor-widget elementor-widget-text-editor\" data-id=\"777fcd8\" data-element_type=\"widget\" data-widget_type=\"text-editor.default\">\n\t\t\t\t<div class=\"elementor-widget-container\">\n\t\t\t<style>\/*! elementor - v3.21.0 - 18-04-2024 *\/\n.elementor-widget-text-editor.elementor-drop-cap-view-stacked .elementor-drop-cap{background-color:#69727d;color:#fff}.elementor-widget-text-editor.elementor-drop-cap-view-framed .elementor-drop-cap{color:#69727d;border:3px solid;background-color:transparent}.elementor-widget-text-editor:not(.elementor-drop-cap-view-default) .elementor-drop-cap{margin-top:8px}.elementor-widget-text-editor:not(.elementor-drop-cap-view-default) .elementor-drop-cap-letter{width:1em;height:1em}.elementor-widget-text-editor .elementor-drop-cap{float:left;text-align:center;line-height:1;font-size:50px}.elementor-widget-text-editor .elementor-drop-cap-letter{display:inline-block}<\/style>\t\t\t\t<div>Hier findest Du alles zu deiner verbindlichen Buchungsanfrage. F\u00fclle alle Felder mit deinen Daten aus, warte einen Moment und Du bekommst von uns eine R\u00fcckmeldung, ob Deine Buchung zu deinem Wunschtermin m\u00f6glich ist. Solltes Du nur wissen wollesn ob Deine Wunschburg an dem Tag noch Frei ist, stelle bitte keine Buchungsanfrage, sondern kontaktiere uns unter: <a href=\"tel:+1775046887\">0177 \/ 50 46 887<\/a><\/div>\t\t\t\t\t\t<\/div>\n\t\t\t\t<\/div>\n\t\t\t\t<\/div>\n\t\t\t\t<\/div>\n\t\t\t\t<\/div>\n\t\t\t\t<\/div>\n\t\t\t\t<\/div>\n\t\t<div class=\"elementor-element elementor-element-b2a7e91 e-con-full e-flex e-con e-parent\" data-id=\"b2a7e91\" data-element_type=\"container\" data-settings=\"{&quot;background_background&quot;:&quot;classic&quot;}\">\n\t\t\t\t<div class=\"elementor-element elementor-element-f068fa8 elementor-widget elementor-widget-bouncy-checkout\" data-id=\"f068fa8\" data-element_type=\"widget\" data-widget_type=\"bouncy-checkout.default\">\n\t\t\t\t<div class=\"elementor-widget-container\">\n\t\t\t <form id=\"bouncy_checkout\" method=\"post\"><div id=\"checkout\" class=\"checkout\" data-setup={\"ajax_url\":\"https:\\\/\\\/anjas-huepfburgenverleih.de\\\/neu\\\/wp-admin\\\/admin-ajax.php\"}><div class=\"checkout_contact_basket_data\"><h2>01 \u00dcbersicht<\/h2><p>Aktuell findest Du hier deine Zusammenstellung der Produkte, die bereits auf deine Bestelldaten warten.<\/p><div class=\"checkout_input\"><div class=\"BasketHeader\"><span>Produkt<\/span><span>Anzahl<\/span><span>Aktion<\/span><\/div><div class=\"show-cart\"><\/div><\/div><\/div><div class=\"checkout_booking_days_data\"><h2>02 Miettag <\/h2><p>W\u00e4hle hier deinen Miettag.<\/p><div class=\"checkout_input\"><span><input id=\"checkout_booking_days\" class=\"course-field-last\" placeholder=\"Zeitraum ausw\u00e4hlen\" type=\"text\" name=\"checkout_booking_days\" tabindex=\"1\" value=\"\"\/><input id=\"checkout_booking_day\" class=\"course-field-last\" type=\"hidden\" name=\"checkout_booking_day\" value=\"0\"\/><legend id=\"checkout_booking_days_error_handling\" class=\"course-field-legend\">Bitte w\u00e4hle deinen Miettag aus.<\/legend><\/span><\/div><\/div><div class=\"checkout_contact_personal_data\"><h2>03 Pers\u00f6nliche Daten<\/h2><p>Damit wir deine gew\u00fcnschte Buchung veranlassen k\u00f6nnen, ben\u00f6tige wir deine Daten.<\/p><div class=\"checkout_input\"><span><input id=\"contact_name\" type=\"text\"  class=\"course-field\" placeholder=\"Vorname\" name=\"contact_name\" tabindex=\"2\" value=\"\" autocomplete=\"none\"\/><legend id=\"contact_name_error_handling\" class=\"course-field-legend\">Bitte gebe Deinen Vornamen an.<\/legend><\/span><span><input id=\"contact_surname\" type=\"text\"  class=\"course-field\" placeholder=\"Nachname\" name=\"contact_surname\" tabindex=\"3\" value=\"\" autocomplete=\"none\"\/><legend id=\"contact_surname_error_handling\" class=\"course-field-legend\">Bitte gebe Deinen Nachnamen an.<\/legend><\/span><span><input id=\"contact_street\" type=\"text\"  class=\"course-field\" placeholder=\"Stra\u00dfe\" name=\"contact_street\" tabindex=\"4\" value=\"\" autocomplete=\"none\"\/><legend id=\"contact_street_error_handling\" class=\"course-field-legend\">Bitte gebe Deine Adresse an.<\/legend><\/span><span><input id=\"contact_number\" type=\"text\"  class=\"course-field\" placeholder=\"Hausnummer\" name=\"contact_number\" tabindex=\"5\" value=\"\" autocomplete=\"none\"\/><legend id=\"contact_number_error_handling\" class=\"course-field-legend\"><\/legend><\/span><span><input id=\"contact_postralcode\" type=\"number\" data-check=\"validatePostCode\" class=\"course-field\" placeholder=\"Postleitzahl\" name=\"contact_postralcode\" tabindex=\"6\" value=\"\" autocomplete=\"none\"\/><legend id=\"contact_postralcode_error_handling\" class=\"course-field-legend\">Bitte gebe Deine Postleitzahl an.<\/legend><\/span><span><input id=\"contact_city\" type=\"text\"  class=\"course-field\" placeholder=\"Ort\" name=\"contact_city\" tabindex=\"7\" value=\"\" autocomplete=\"none\"\/><legend id=\"contact_city_error_handling\" class=\"course-field-legend\">Bitte gebe Deinen Wohnort an.<\/legend><\/span><\/div><\/div><div class=\"checkout_contact_social_data\"><h2>04 Kontaktdaten<\/h2><p>Damit wir Kontakt zu dir aufnehmen k\u00f6nnen, ben\u00f6tigen wir Ihre Angaben.<\/p><div class=\"checkout_input\"><span><input id=\"contact_email\" type=\"email\" pattern=\"[A-Za-z0-9._%+-]+@[A-Za-z0-9.-]+\\.[A-Za-z]{1,63}$\" class=\"course-field\" placeholder=\"E-Mail Adresse\" name=\"contact_email\" tabindex=\"8\" value=\"\" autocomplete=\"none\" \/><legend id=\"contact_email_error_handling\" class=\"course-field-legend\">Bitte gebe Deine E-Mail Adresse an.<\/legend><\/span><span><input id=\"contact_phone\" pattern=\"\\d*\"\/ type=\"tel\" pattern=\"[0-9]{3}-[0-9]{3}-[0-9]{4}\" class=\"course-field-last\" placeholder=\"Telefonnummer\" name=\"contact_phone\" tabindex=\"9\" value=\"\" autocomplete=\"none\" \/><legend id=\"contact_phone_error_handling\" class=\"course-field-legend\">Bitte gebe Deine Telefonnummer an.<\/legend><\/span><\/div><\/div><div class=\"checkout_contact_business_data\"><h2>05 Firmenangaben<\/h2><p>Du m\u00f6chtest als Firma unsere Produkte bestellen. Gib einfach Deine Daten ein.<\/p><div class=\"checkout_input\"><span><input id=\"company_name\" type=\"text\"  class=\"course-field\" placeholder=\"Firmenname\" name=\"company_name\" tabindex=\"10\" value=\"\" autocomplete=\"none\"\/><legend id=\"company_name_error_handling\" class=\"course-field-legend\"><\/legend><\/span><span><input id=\"company_street\" type=\"text\"  class=\"course-field\" placeholder=\"Stra\u00dfe\" name=\"company_street\" tabindex=\"11\" value=\"\" autocomplete=\"none\"\/><legend id=\"company_street_error_handling\" class=\"course-field-legend\"><\/legend><\/span><span><input id=\"company_number\" type=\"text\"  class=\"course-field\" placeholder=\"Hausnummer\" name=\"company_number\" tabindex=\"12\" value=\"\" autocomplete=\"none\"\/><legend id=\"company_number_error_handling\" class=\"course-field-legend\"><\/legend><\/span><span><input id=\"company_postralcode\" type=\"number\" data-check=\"validatePostCode\" class=\"course-field\" placeholder=\"Postleitzahl\" name=\"company_postralcode\" tabindex=\"13\" value=\"\" autocomplete=\"none\"\/><legend id=\"company_postralcode_error_handling\" class=\"course-field-legend\"><\/legend><\/span><span><input id=\"company_city\" type=\"text\"  class=\"course-field\" placeholder=\"Ort\" name=\"company_city\" tabindex=\"14\" value=\"\" autocomplete=\"none\"\/><legend id=\"company_city_error_handling\" class=\"course-field-legend\"><\/legend><\/span><\/div><\/div><div class=\"checkout_summary\"><h2>06 Zusammenfassung<\/h2><p>Bitte pr\u00fcfe noch einmal deine Buchungsangaben.<\/p><div class=\"summary headlines\"><div>Produkt<\/div><div>Anzahl<\/div><div>Zeitraum<\/div><div>Kaution*<\/div><div>Einzelpreis<\/div><div>Gesamtpreis<\/div><\/div><div class=\"show-summary\"><\/div><div class=\"show-summary_mobile\"><\/div><div class=\"show-summary-complete\"><\/div><div>*Die Kaution ist in BAR bei Abholung zu hinterlegen.<\/div><\/div><div class=\"checkout_booking_disclaimer_data\"><input id=\"disclaimer_accepts\" type=\"checkbox\" name=\"disclaimer_accepts\" class=\"email-input\" value=\"yes\" \/><div class=\"checkout_booking_disclaimer\"><p>Ich verlange ausdr\u00fccklich und stimme gleichzeitig zu, dass Sie mit der in Auftrag gegebenen Dienstleistung vor Ablauf der Widerrufsfrist beginnen. Ich wei\u00df, dass mein Widerrufsrecht bei vollst\u00e4ndiger Erf\u00fcllung des Vertrages erlischt.<\/p><legend id=\"disclaimer_accepts_error_handling\" class=\"course-field-legend\">Bitte akzeptiere unser Widerrufsrecht<\/legend><\/div><\/div><div class=\"checkout_booking_agb_data\"><input id=\"agb_accepts\" type=\"checkbox\" name=\"agb_accepts\" class=\"email-input\" value=\"yes\" \/><div class=\"checkout_booking_agb\"><a href=\"https:\/\/anjas-huepfburgenverleih.de\/neu\/em-pdf-template\/agb\/\" target=\"_blank\">AGB\u00b4s<\/> gelesen und akzeptiert<legend id=\"agb_accepts_error_handling\" class=\"course-field-legend\">Bitte akzeptiere unsere AGB<\/legend><\/div><\/div><div class=\"checkout_booking_days_data_send\"><input type=\"hidden\" name=\"email-input\" class=\"email-input\" value=\"\" \/><input type =\"button\" id=\"checkout__submit\" value=\"Jetzt Buchungsanfrage senden\" tabindex=\"15\"><\/div><div id=\"checkout_empty\"><p>Aktuell hast du noch keine Produkte zum Bestellen ausgew\u00e4hlt.<\/p><\/div><\/div><\/form><div class=\"modal-container\" data-open=\"close\" id=\"checkoutmodal\" style=\"display:none;\"><div class=\"modal\"><div class=\"modal__details\"><h3 class=\"modal__title\">Vielen Dank<\/h3><p class=\"modal__description\">Vielen Dank f\u00fcr deine Buchungsanfrage. Wir haben bereits eine E-Mail mit den angegeben Daten erhalten und werden uns mit Dir in Verbindung setzen.<\/p><\/div><div class=\"modal__buttons\"><a href=\"https:\/\/anjas-huepfburgenverleih.de\/neu\/\"  class=\"modal__btn\">Schliessen<\/a><\/div><a href=\"https:\/\/anjas-huepfburgenverleih.de\/neu\/\" id=\"close-shopping\" class=\"close-checkout link-2\"><\/a><\/div><\/div><div id=\"load\" data-open=\"close\"><div id=\"checkoutloader\"><div class=\"loader_plate\"><ul class=\"loading-animation\" data-first=\"Sende Daten\" data-second=\"Einen Moment Geduld\"><li><\/li><li><\/li><li><\/li><li><\/li><li><\/li><\/ul><\/div><\/div><\/div>\t\t<\/div>\n\t\t\t\t<\/div>\n\t\t\t\t<\/div>\n\t\t\t\t<\/div>\n\t\t","protected":false},"excerpt":{"rendered":"<p>Verbindliche Buchungsanfrage Alles zu deiner Bestellung Hier findest Du alles zu deiner verbindlichen Buchungsanfrage. F\u00fclle alle Felder mit deinen Daten aus, warte einen Moment und Du bekommst von uns eine R\u00fcckmeldung, ob Deine Buchung zu deinem Wunschtermin m\u00f6glich ist. Solltes Du nur wissen wollesn ob Deine Wunschburg an dem Tag noch Frei ist, stelle bitte [&hellip;]<\/p>\n","protected":false},"author":1,"featured_media":0,"parent":0,"menu_order":0,"comment_status":"closed","ping_status":"closed","template":"","meta":{"footnotes":""},"class_list":["post-1108","page","type-page","status-publish","hentry"],"_links":{"self":[{"href":"https:\/\/anjas-huepfburgenverleih.de\/neu\/wp-json\/wp\/v2\/pages\/1108","targetHints":{"allow":["GET"]}}],"collection":[{"href":"https:\/\/anjas-huepfburgenverleih.de\/neu\/wp-json\/wp\/v2\/pages"}],"about":[{"href":"https:\/\/anjas-huepfburgenverleih.de\/neu\/wp-json\/wp\/v2\/types\/page"}],"author":[{"embeddable":true,"href":"https:\/\/anjas-huepfburgenverleih.de\/neu\/wp-json\/wp\/v2\/users\/1"}],"replies":[{"embeddable":true,"href":"https:\/\/anjas-huepfburgenverleih.de\/neu\/wp-json\/wp\/v2\/comments?post=1108"}],"version-history":[{"count":0,"href":"https:\/\/anjas-huepfburgenverleih.de\/neu\/wp-json\/wp\/v2\/pages\/1108\/revisions"}],"wp:attachment":[{"href":"https:\/\/anjas-huepfburgenverleih.de\/neu\/wp-json\/wp\/v2\/media?parent=1108"}],"curies":[{"name":"wp","href":"https:\/\/api.w.org\/{rel}","templated":true}]}}